{"id":3471,"date":"2021-05-07T11:41:45","date_gmt":"2021-05-07T09:41:45","guid":{"rendered":"https:\/\/lechemindubonheur.film\/?page_id=3471"},"modified":"2021-05-07T14:18:41","modified_gmt":"2021-05-07T12:18:41","slug":"societes-de-production","status":"publish","type":"page","link":"https:\/\/lechemindubonheur.film\/en\/societes-de-production\/","title":{"rendered":"Soci\u00e9t\u00e9s de production"},"content":{"rendered":"<p>[vc_row remove_margin_top=&#8221;yes&#8221; remove_padding_top=&#8221;yes&#8221; css=&#8221;.vc_custom_1616000468051{padding-top: 60px !important;padding-bottom: 38px !important;background-image: url(https:\/\/lechemindubonheur.film\/wp-content\/uploads\/2021\/03\/U7A1848-scaled.jpg?id=23) !important;background-position: center !important;background-repeat: no-repeat !important;background-size: cover !important;}&#8221;][vc_column][vc_custom_heading text=&#8221;SOCI\u00c9T\u00c9S DE PRODUCTION&#8221; font_container=&#8221;tag:h2|text_align:center|color:%23ffffff|line_height:1&#8243; use_theme_fonts=&#8221;yes&#8221;][\/vc_column][\/vc_row][vc_row wrap_container=&#8221;yes&#8221; el_class=&#8221;m-t-md m-b-md p-t-sm&#8221;][vc_column width=&#8221;1\/2&#8243;][vc_single_image image=&#8221;3488&#8243; alignment=&#8221;center&#8221; onclick=&#8221;link_image&#8221;][vc_custom_heading text=&#8221;IRIS GROUP&#8221; font_container=&#8221;tag:h2|font_size:28px|text_align:left|line_height:42px&#8221; use_theme_fonts=&#8221;yes&#8221; el_class=&#8221;font-weight-bold m-b-none&#8221;][vc_column_text]IRIS GROUP brings together production and distribution companies in Luxembourg, France, Germany, and Belgium. Today, having curated a reputation in production and distribution, the group has become a staple as a strategic player on the market of European cinema. The origins of the group date back to 1986, when Nicolas Steil founded IRIS PRODUCTIONS, one of the first production companies in Luxembourg.<\/p>\n<p>Iris Group includes IRIS PRODUCTIONS DEUTSCHLAND in Berlin, IRIS FILMS and IRIS FILMS PRODUCTIONS in Brussels. In 2011, the group enters into an equity partnership with REZO FILMS, a well-established distribution company in France since more than twenty years. The distribution company also includes a production department, REZO PRODUCTIONS.<\/p>\n<p>IRIS GROUP has co-produced with French, Belgian, Swiss, Quebecois, Austrian, Italian, German, Dutch, English, and Irish partners. Since a few years, the group has also focused on the production of TV series.<\/p>\n<p>As of today, IRIS GROUP has produced and co-produced more than one hundred works, sold more than 250 films internationally and has distributed more than 300 films in France.[\/vc_column_text][vc_custom_heading text=&#8221;RECENT FILMOGRAPHY&#8221; font_container=&#8221;tag:h2|font_size:28px|text_align:left|line_height:42px&#8221; use_theme_fonts=&#8221;yes&#8221; el_class=&#8221;font-weight-bold m-b-none&#8221;][vc_column_text]<strong>THE WAY TO HAPPINESS (2021)<\/strong><br \/>\nLong-m\u00e9trage de fiction r\u00e9alis\u00e9 par Nicolas Steil &#8211; Iris Group (LU, BE), Tu Vas Voir (FR)<\/p>\n<p><strong>BAD BANKS SEASON 2 (2020)<\/strong><br \/>\nTV series directed by Christian Z\u00fcbert &#8211; Letterbox Filmproduktion (DE), Iris Productions (LU), Real Film Berlin (DE) \u2013 2020<\/p>\n<p><strong>FAMILLE NUCLEAIRE (2020)<\/strong><br \/>\nShort film directed by Faustine Crespy &#8211; Iris Films (BE)<\/p>\n<p><strong>NEVER GROW OLD (2019)<\/strong><br \/>\nFeature film directed by Ivan Kavanagh &#8211; Ripple World Pictures (IE), Iris Group (LU, BE, FR)<\/p>\n<p><strong>TREMORS (2019)<\/strong><br \/>\nFeature film directed by Jayro Bustamante &#8211; Tu Vas Voir (FR), La Casa de Producci\u00f3n (GU), Iris Productions (LU), Memento Films (FR) &amp; Arte France Cin\u00e9ma (FR) \u2013 2019<\/p>\n<p><strong>PAUVRE GEORGES! (2018)<\/strong><br \/>\nFeature film directed by Claire Devers &#8211; Mon Voisin Productions (FR), Iris Films (BE), Forum Films (CA)<\/p>\n<p><strong>CLASH OF FUTURES: 1918-1939 (2018)<\/strong><br \/>\nTV series directed by Jan Peter &amp; Fr\u00e9d\u00e9ric Goupil &#8211; LOOKSfilm (DE), Les Films d&#8217;Ici (FR), Iris Group (LU, BE)<\/p>\n<p><strong>JUSTICE_DOT_NET \/ DARK JUSTICE (2018)<\/strong><br \/>\nFeature film\u00a0 directed by Pol Cruchten &#8211; Iris Productions (LU), Lyla Films (CA), Ripple World Pictures (IE)<\/p>\n<p><strong>BAD BANKS &#8211; SEASON 1 (2018)<\/strong><br \/>\nTV series directed by Christian Schwochow &#8211; Letterbox Filmproduktion (DE), Iris Productions (LU)<\/p>\n<p><strong>STORM (2017)<\/strong><br \/>\nFeature film directed by Dennis Bots &#8211; Phanta Basta (NL), Iris Productions (LU), Bulletproof Cupid (BE)<\/p>\n<p><strong>COLONIA (2015)<\/strong><br \/>\nFeature film directed by Florian Gallenberger &#8211; Majestic Filmproduktion (DE), Iris Group (LU, FR), Rat Pack Filmproduktion (DE), Fred Films (UK)<\/p>\n<p><strong>THE DARK SIDE OF THE MOON (2015)<\/strong><br \/>\nFeature film directed by Stephan Rick &#8211; Port au Prince Film &amp; Kultur Produktion (DE), Iris Productions (LU)<\/p>\n<p><strong>SUNSET SONG (2015)<\/strong><br \/>\nFeature film directed by Terence Davies &#8211; Hurricane Films (UK), Iris Productions (LU), Sellout Pictures (UK)<\/p>\n<p><strong>BABY(A)LONE (2014)<\/strong><br \/>\nFeature film directed by Donato Rotunno &#8211; Iris Group (LU, BE)<\/p>\n<p><strong>THE UNDERCOVER WAR (2009)<\/strong><br \/>\nFeature film directed by Nicolas Steil &#8211; Iris Productions (LU), Cab Productions (CH)[\/vc_column_text][\/vc_column][vc_column width=&#8221;1\/2&#8243;][vc_single_image image=&#8221;3485&#8243; img_size=&#8221;medium&#8221; alignment=&#8221;center&#8221; onclick=&#8221;link_image&#8221;][vc_custom_heading text=&#8221;TU VAS VOIR&#8221; font_container=&#8221;tag:h2|font_size:28px|text_align:left|line_height:42px&#8221; use_theme_fonts=&#8221;yes&#8221; el_class=&#8221;font-weight-bold m-b-none&#8221;][vc_column_text]TU VAS VOIR produces French feature films and international co-productions.<\/p>\n<p>Our greatest success is \u201cTravel Notebooks\u201d by Walter Salles.<\/p>\n<p>For more than 15 years, we have created strong co-production links with several European countries, Latin America and Israel.[\/vc_column_text][vc_custom_heading text=&#8221;RECENT FILMOGRAPHY&#8221; font_container=&#8221;tag:h2|font_size:28px|text_align:left|line_height:42px&#8221; use_theme_fonts=&#8221;yes&#8221; el_class=&#8221;font-weight-bold m-b-none&#8221;][vc_column_text]<strong>CASSANDRO the exotico<\/strong><br \/>\nBy Marie Losier<br \/>\nIn co-production with Tamara Films (France)<\/p>\n<p><strong>TREMBLEMENTS<\/strong><br \/>\nBy Jayro Bustamante<br \/>\nIn co-production with Memento Films (France), La Casa de Producci\u00f3n (Guatemala), Iris Productons (Luxembourg) and Arte France Cin\u00e9ma (France)<\/p>\n<p><strong>BREVE MIRAGEM DE SOL<\/strong><br \/>\nBy Eryk Rocha<br \/>\nIn co-production with Aruac Production (Brazil), VideoFilms (Walter Salles) and Varsovia Films (Argentina)<\/p>\n<p><strong>ERA O HOTEL CAMBRIDGE<\/strong><br \/>\nBy Elianne Ca\ufb00\u00e9<br \/>\nIn co-production with Aurora Filmes and Nephilim Producciones (Brazil)<\/p>\n<p><strong>IXCANUL volcan (2015)<\/strong><br \/>\nBy Jayro Bustamante<br \/>\nIn co-production with La Casa de Produccion (Guatemala)<\/p>\n<p><strong>EL ACOMPA\u00d1ANTE (2015)<\/strong><br \/>\nBy Pavel Giroud<br \/>\nIn co-production with Ar\u00e9t\u00e9 Audiovisual (Cuba\/Panama) IGOLAI Producciones (Colombia) and Nativa (Venezuela)<\/p>\n<p><strong>LE CIEL DU CENTAURE (2015)<\/strong><br \/>\nBy Hugo Santiago<br \/>\nIn co-production with La Union de Los Rios (Argentina) and So\ufb01a Films (Mexico)<\/p>\n<p><strong>LA PEUR (2015)<\/strong><br \/>\nBy Damien Odoul<br \/>\nIn co-production with J P G Films, Les Productions de La Peur (Canada) and ARTE France Cin\u00e9ma (France)<\/p>\n<p><strong>SPORT (2014)<\/strong><br \/>\nBy Ahmad Bargouthi, Matan Gur, Tal Oved, Lily Sheffy<br \/>\nIn co-production with the University of Tel Aviv, Yael Perlov and Ahmad Bargouthi (Palestina)<\/p>\n<p><strong>ATLANTIDA (2014)<\/strong><br \/>\nBy Ines Barrionuevo<br \/>\nIn co-production with Germina Films (Argentina)<\/p>\n<p><strong>WATER (2012)<\/strong><br \/>\nBy Mohammad Bakri, Ahmad Bargouthi, Mohammad Fuad, Tal Haring, Yona Rozenkier, Nir Sa&#8217;ar, Maya Sarfaty, Pini Tavger<br \/>\nIn co-production with the University of Tel Aviv<\/p>\n<p><strong>DERNIER ETAGE GAUCHE GAUCHE (2010)<\/strong><br \/>\nBy Angelo Cianci<br \/>\nIn co-production with Kasso Inc., IRIS Productions (Luxembourg) and Arte France Cin\u00e9ma (France)<\/p>\n<p><strong>ADAMA, MON KIBBOUTZ (2009)<\/strong><br \/>\nBy\u00a0 Dror Shaul<br \/>\nIn co-production with Sirocco (Isra\u00ebl), Heimapilm (Germany) and NHK (Japan)<\/p>\n<p><strong>LES SECRETS (2007)<\/strong><br \/>\nBy Avi Nesher<br \/>\nIn co-production with Metro communications (Isra\u00ebl)<\/p>\n<p><strong>LES PETITES VACANCES (2007)<\/strong><br \/>\nBy Olivier Peyon<br \/>\nIn co-production with Rh\u00f4nes-\u00ad\u2010Alpes Cin\u00e9ma, \u00a0Canal+ and Multith\u00e9matiques<\/p>\n<p><strong>CADEAU DU CIEL (2005)<\/strong><br \/>\nBy Dover Kosashvili<br \/>\nIn co-production with Metropolitan Film Export (Isra\u00ebl)<\/p>\n<p><strong>BUENA VIDA DELIVERY (2005)<\/strong><br \/>\nBy Leonardo Di Cesare<\/p>\n<p><strong>CARNETS DE VOYAGE (2004)<\/strong><br \/>\nBy Walter Salles<br \/>\nIn co-production with South Fork Pictures (USA)[\/vc_column_text][\/vc_column][\/vc_row]<\/p>\n","protected":false},"excerpt":{"rendered":"<p>[vc_row remove_margin_top=&#8221;yes&#8221; remove_padding_top=&#8221;yes&#8221; css=&#8221;.vc_custom_1616000468051{padding-top: 60px !important;padding-bottom: 38px !important;background-image: url(https:\/\/lechemindubonheur.film\/wp-content\/uploads\/2021\/03\/U7A1848-scaled.jpg?id=23) !important;background-position: center !important;background-repeat: no-repeat !important;background-size: cover !important;}&#8221;][vc_column][vc_custom_heading text=&#8221;SOCI\u00c9T\u00c9S DE PRODUCTION&#8221; font_container=&#8221;tag:h2|text_align:center|color:%23ffffff|line_height:1&#8243; use_theme_fonts=&#8221;yes&#8221;][\/vc_column][\/vc_row][vc_row wrap_container=&#8221;yes&#8221; el_class=&#8221;m-t-md m-b-md p-t-sm&#8221;][vc_column width=&#8221;1\/2&#8243;][vc_single_image image=&#8221;3488&#8243; alignment=&#8221;center&#8221; onclick=&#8221;link_image&#8221;][vc_custom_heading text=&#8221;IRIS GROUP&#8221; font_container=&#8221;tag:h2|font_size:28px|text_align:left|line_height:42px&#8221; use_theme_fonts=&#8221;yes&#8221; el_class=&#8221;font-weight-bold m-b-none&#8221;][vc_column_text]IRIS GROUP brings together production and distribution companies in Luxembourg, France, Germany, and Belgium. Today, having curated a reputation in production [&hellip;]<\/p>\n","protected":false},"author":3,"featured_media":0,"parent":0,"menu_order":140,"comment_status":"closed","ping_status":"closed","template":"","meta":{"footnotes":""},"class_list":["post-3471","page","type-page","status-publish","hentry"],"_links":{"self":[{"href":"https:\/\/lechemindubonheur.film\/en\/wp-json\/wp\/v2\/pages\/3471","targetHints":{"allow":["GET"]}}],"collection":[{"href":"https:\/\/lechemindubonheur.film\/en\/wp-json\/wp\/v2\/pages"}],"about":[{"href":"https:\/\/lechemindubonheur.film\/en\/wp-json\/wp\/v2\/types\/page"}],"author":[{"embeddable":true,"href":"https:\/\/lechemindubonheur.film\/en\/wp-json\/wp\/v2\/users\/3"}],"replies":[{"embeddable":true,"href":"https:\/\/lechemindubonheur.film\/en\/wp-json\/wp\/v2\/comments?post=3471"}],"version-history":[{"count":14,"href":"https:\/\/lechemindubonheur.film\/en\/wp-json\/wp\/v2\/pages\/3471\/revisions"}],"predecessor-version":[{"id":3490,"href":"https:\/\/lechemindubonheur.film\/en\/wp-json\/wp\/v2\/pages\/3471\/revisions\/3490"}],"wp:attachment":[{"href":"https:\/\/lechemindubonheur.film\/en\/wp-json\/wp\/v2\/media?parent=3471"}],"curies":[{"name":"wp","href":"https:\/\/api.w.org\/{rel}","templated":true}]}}